{"id":5102,"date":"2018-06-27T16:38:42","date_gmt":"2018-06-27T14:38:42","guid":{"rendered":"https:\/\/www.urbanscreen.com\/about\/"},"modified":"2025-11-10T13:28:35","modified_gmt":"2025-11-10T11:28:35","slug":"about","status":"publish","type":"page","link":"https:\/\/www.urbanscreen.com\/de\/about\/","title":{"rendered":"About"},"content":{"rendered":"<p>[et_pb_section fb_built=&#8220;1&#8243; fullwidth=&#8220;on&#8220; module_class=&#8220;page_menu_section&#8220; _builder_version=&#8220;4.16&#8243; global_colors_info=&#8220;{}&#8220;][et_pb_fullwidth_menu menu_id=&#8220;178&#8243; module_class=&#8220;page_menu&#8220; _builder_version=&#8220;4.24.1&#8243; background_color=&#8220;rgba(255,255,255,0)&#8220; sticky_position=&#8220;top_bottom&#8220; sticky_offset_top=&#8220;24px&#8220; sticky_position_tablet=&#8220;none&#8220; sticky_position_phone=&#8220;none&#8220; sticky_position_last_edited=&#8220;on|tablet&#8220; global_colors_info=&#8220;{}&#8220;][\/et_pb_fullwidth_menu][\/et_pb_section][et_pb_section fb_built=&#8220;1&#8243; _builder_version=&#8220;4.16&#8243; custom_padding=&#8220;0|0|0|0px|false|false&#8220; global_colors_info=&#8220;{}&#8220;][et_pb_row column_structure=&#8220;3_4,1_4&#8243; module_id=&#8220;about&#8220; _builder_version=&#8220;4.24.1&#8243; custom_padding=&#8220;0|0px|15px|0px|false|false&#8220; global_colors_info=&#8220;{}&#8220;][et_pb_column type=&#8220;3_4&#8243; _builder_version=&#8220;4.16&#8243; custom_padding=&#8220;|||&#8220; global_colors_info=&#8220;{}&#8220; custom_padding__hover=&#8220;|||&#8220;][et_pb_video src=&#8220;https:\/\/vimeo.com\/291393051&#8243; _builder_version=&#8220;4.24.1&#8243; _module_preset=&#8220;default&#8220; global_colors_info=&#8220;{}&#8220;][\/et_pb_video][\/et_pb_column][et_pb_column type=&#8220;1_4&#8243; _builder_version=&#8220;4.16&#8243; custom_padding=&#8220;|||&#8220; global_colors_info=&#8220;{}&#8220; custom_padding__hover=&#8220;|||&#8220;][et_pb_text _builder_version=&#8220;4.16&#8243; custom_margin=&#8220;||0px|&#8220; global_colors_info=&#8220;{}&#8220;]<\/p>\n<h2>About<\/h2>\n<p>[\/et_pb_text][et_pb_text module_class=&#8220;auto-hyphenation&#8220; _builder_version=&#8220;4.24.1&#8243; text_orientation=&#8220;justified&#8220; global_colors_info=&#8220;{}&#8220;]URBANSCREEN ist ein Produktionsstudio f\u00fcr interdisziplin\u00e4re Medienkunst aus Bremen. Als Kreativunternehmen blicken wir auf \u00fcber zehn Jahre Erfahrung bei der Umsetzung von komplexen Medienproduktionen im Auftrag von Museen, Festivals, Corporate-Kunden und Agenturen zur\u00fcck. Damit haben wir bereits viele renommierte Preise gewonnen. Unser Team vereint Fachleute aus den Bereichen Medienkunst, 3D-Design, Architektur, Kulturwissenschaft, Sound-Design, Medientechnik und Projektmanagement. So begeistern wir immer wieder unz\u00e4hlige Menschen in \u00f6ffentlichen R\u00e4umen auf der ganzen Welt.<br \/>\nUnsere Projekte organisieren wir in vier Kategorien: ART PRODUCTION, BRAND EXPERIENCE, IMMERSIVE EXHIBITIONS und OBJECTS.[\/et_pb_text][\/et_pb_column][\/et_pb_row][et_pb_row column_structure=&#8220;3_4,1_4&#8243; module_id=&#8220;Art_Productions&#8220; _builder_version=&#8220;4.16&#8243; custom_padding=&#8220;40px|0px|20px|0px|false|false&#8220; global_colors_info=&#8220;{}&#8220;][et_pb_column type=&#8220;3_4&#8243; _builder_version=&#8220;4.16&#8243; custom_padding=&#8220;|||&#8220; global_colors_info=&#8220;{}&#8220; custom_padding__hover=&#8220;|||&#8220;][et_pb_video src=&#8220;https:\/\/vimeo.com\/287029934&#8243; _builder_version=&#8220;4.16&#8243; global_colors_info=&#8220;{}&#8220;][\/et_pb_video][\/et_pb_column][et_pb_column type=&#8220;1_4&#8243; _builder_version=&#8220;4.16&#8243; custom_padding=&#8220;|||&#8220; global_colors_info=&#8220;{}&#8220; custom_padding__hover=&#8220;|||&#8220;][et_pb_text _builder_version=&#8220;4.16&#8243; custom_margin=&#8220;||0px|&#8220; global_colors_info=&#8220;{}&#8220;]<\/p>\n<h2 style=\"text-align: justify;\">Art Production<\/h2>\n<p>[\/et_pb_text][et_pb_text module_class=&#8220;auto-hyphenation&#8220; _builder_version=&#8220;4.16&#8243; text_font=&#8220;||||||||&#8220; header_2_font=&#8220;||||||||&#8220; text_orientation=&#8220;justified&#8220; global_colors_info=&#8220;{}&#8220;]URBANSCREEN wurde 2005 als freies K\u00fcnstlerkollektiv gegr\u00fcndet. Seitdem ist Technik unser Mittel des interdisziplin\u00e4ren k\u00fcnstlerischen Ausdrucks. Projection Mapping und sein Potenzial, Oberfl\u00e4chen ein v\u00f6llig neues Narrativ zu verleihen, ist dabei das Faszinosum, auf dem unsere Arbeit basiert. Seit unserer Gr\u00fcndung wurden unsere Produktionen in zahlreichen internationalen Festival- und Ausstellungskontexten gezeigt. Unsere professionelle Weiterentwicklung hat uns im Laufe der Jahre in ganz unterschiedliche, aufregende neue Richtungen gef\u00fchrt. Unser k\u00fcnstlerischer Geist wird jedoch immer das Elixier f\u00fcr kontinuierliche Innovation und Kreativit\u00e4t bleiben.<\/p>\n<p>[\/et_pb_text][\/et_pb_column][\/et_pb_row][et_pb_row column_structure=&#8220;3_4,1_4&#8243; module_id=&#8220;Brand_Experience&#8220; _builder_version=&#8220;4.16&#8243; custom_padding=&#8220;40px|0px|20px|0px|false|false&#8220; global_colors_info=&#8220;{}&#8220;][et_pb_column type=&#8220;3_4&#8243; _builder_version=&#8220;4.16&#8243; custom_padding=&#8220;|||&#8220; global_colors_info=&#8220;{}&#8220; custom_padding__hover=&#8220;|||&#8220;][et_pb_video src=&#8220;https:\/\/vimeo.com\/454716566&#8243; _builder_version=&#8220;4.16&#8243; global_colors_info=&#8220;{}&#8220;][\/et_pb_video][\/et_pb_column][et_pb_column type=&#8220;1_4&#8243; _builder_version=&#8220;4.16&#8243; custom_padding=&#8220;|||&#8220; global_colors_info=&#8220;{}&#8220; custom_padding__hover=&#8220;|||&#8220;][et_pb_text _builder_version=&#8220;4.16&#8243; custom_margin=&#8220;||0px|&#8220; global_colors_info=&#8220;{}&#8220;]<\/p>\n<h2>Brand Experience<\/h2>\n<p>[\/et_pb_text][et_pb_text module_class=&#8220;auto-hyphenation&#8220; _builder_version=&#8220;4.16&#8243; text_font=&#8220;||||||||&#8220; text_orientation=&#8220;justified&#8220; global_colors_info=&#8220;{}&#8220;]Aussagekr\u00e4ftige und authentische Markenerlebnisse sind heutzutage wichtiger denn je. Dank unserer Herkunft als freies K\u00fcnstlerkollektiv bieten wir eine sehr unkonventionelle Perspektive auf das Thema Markenkommunikation. Mit einem ergebnisoffenen, experimentellen Ansatz entwickeln wir einzigartige Projekte, die die Grenzen zwischen virtueller und materieller Realit\u00e4t verwischen lassen. Unsere Produktionen verbinden dabei innovatives multimediales Storytelling, fesselnde Sinneseindr\u00fccke und modernste Technik zu unvergesslichen Markenerfahrungen.<\/p>\n<p>[\/et_pb_text][\/et_pb_column][\/et_pb_row][et_pb_row column_structure=&#8220;3_4,1_4&#8243; module_id=&#8220;immersive_exhibitions&#8220; _builder_version=&#8220;4.24.1&#8243; custom_padding=&#8220;40px|0px|20px|0px|false|false&#8220; locked=&#8220;off&#8220; global_colors_info=&#8220;{}&#8220;][et_pb_column type=&#8220;3_4&#8243; _builder_version=&#8220;4.16&#8243; custom_padding=&#8220;|||&#8220; global_colors_info=&#8220;{}&#8220; custom_padding__hover=&#8220;|||&#8220;][et_pb_video src=&#8220;https:\/\/vimeo.com\/904199158&#8243; _builder_version=&#8220;4.24.1&#8243; global_colors_info=&#8220;{}&#8220;][\/et_pb_video][\/et_pb_column][et_pb_column type=&#8220;1_4&#8243; _builder_version=&#8220;4.16&#8243; custom_padding=&#8220;|||&#8220; global_colors_info=&#8220;{}&#8220; custom_padding__hover=&#8220;|||&#8220;][et_pb_text _builder_version=&#8220;4.24.1&#8243; custom_margin=&#8220;||0px|&#8220; global_colors_info=&#8220;{}&#8220;]<\/p>\n<h2>Immersive Exhibitions<\/h2>\n<p>[\/et_pb_text][et_pb_text module_class=&#8220;auto-hyphenation&#8220; _builder_version=&#8220;4.24.1&#8243; text_orientation=&#8220;justified&#8220; global_colors_info=&#8220;{}&#8220;]Unsere immersiven Ausstellungen vereinen das, was wir am besten k\u00f6nnen: Ma\u00dfgeschneiderte Konzepte zu entwickeln und einzigartige, unvergessliche Momente zu schaffen. Egal, ob es darum geht, komplexe Themen zu visualisieren oder dichte, emotionale Atmosph\u00e4ren zu schaffen &#8211; unser Ziel ist es immer, das Potenzial jedes einzelnen Ortes zu erforschen.[\/et_pb_text][\/et_pb_column][\/et_pb_row][et_pb_row column_structure=&#8220;3_4,1_4&#8243; module_id=&#8220;objects&#8220; _builder_version=&#8220;4.24.1&#8243; custom_padding=&#8220;40px|0px|20px|0px|false|false&#8220; global_colors_info=&#8220;{}&#8220;][et_pb_column type=&#8220;3_4&#8243; _builder_version=&#8220;4.16&#8243; custom_padding=&#8220;|||&#8220; global_colors_info=&#8220;{}&#8220; custom_padding__hover=&#8220;|||&#8220;][et_pb_video src=&#8220;https:\/\/vimeo.com\/530455487&#8243; _builder_version=&#8220;4.16&#8243; global_colors_info=&#8220;{}&#8220;][\/et_pb_video][\/et_pb_column][et_pb_column type=&#8220;1_4&#8243; _builder_version=&#8220;4.16&#8243; custom_padding=&#8220;|||&#8220; global_colors_info=&#8220;{}&#8220; custom_padding__hover=&#8220;|||&#8220;][et_pb_text _builder_version=&#8220;4.24.1&#8243; custom_margin=&#8220;||0px|&#8220; global_colors_info=&#8220;{}&#8220;]<\/p>\n<h2>Objects<\/h2>\n<p>[\/et_pb_text][et_pb_text module_class=&#8220;auto-hyphenation&#8220; _builder_version=&#8220;4.16&#8243; text_orientation=&#8220;justified&#8220; global_colors_info=&#8220;{}&#8220;]Bei unseren Objekten nutzen wir Projection Mapping, um virtuelle und materielle Designelemente nahtlos zusammenzuf\u00fcgen. Dabei gehen wir nach einem integrativen Gestaltungsansatz vor, bei dem wir uns en d\u00e9tail mit den gegebenen r\u00e4umlichen und kontextuellen Gegebenheiten auseinandersetzen. In enger Zusammenarbeit mit unseren Kunden entwickeln wir so individuelle, facettenreiche und dynamische Objekte, die eine dauerhafte Bereicherung ihrer Umgebung bewirken \u2013 sei es in der Gastronomie, im Einzelhandel oder im \u00f6ffentlichen Raum.<\/p>\n<p>[\/et_pb_text][\/et_pb_column][\/et_pb_row][\/et_pb_section][et_pb_section fb_built=&#8220;1&#8243; disabled_on=&#8220;off|off|off&#8220; module_id=&#8220;achievements&#8220; _builder_version=&#8220;4.16&#8243; custom_padding=&#8220;40px|0px|0|0px|false|false&#8220; global_colors_info=&#8220;{}&#8220;][et_pb_row column_structure=&#8220;3_4,1_4&#8243; _builder_version=&#8220;4.16&#8243; custom_padding=&#8220;0|0px|20px|0px|false|false&#8220; global_colors_info=&#8220;{}&#8220;][et_pb_column type=&#8220;3_4&#8243; _builder_version=&#8220;4.16&#8243; custom_padding=&#8220;|||&#8220; global_colors_info=&#8220;{}&#8220; custom_padding__hover=&#8220;|||&#8220;][et_pb_image src=&#8220;https:\/\/www.urbanscreen.com\/wp-content\/uploads\/2024\/02\/lion_cannes_920x518.jpg&#8220; alt=&#8220;Cannes lion &#8211; Achievements&#8220; title_text=&#8220;Cannes lion &#8211; Achievements&#8220; align_tablet=&#8220;center&#8220; align_phone=&#8220;&#8220; align_last_edited=&#8220;on|desktop&#8220; _builder_version=&#8220;4.24.1&#8243; global_colors_info=&#8220;{}&#8220;][\/et_pb_image][\/et_pb_column][et_pb_column type=&#8220;1_4&#8243; _builder_version=&#8220;4.16&#8243; custom_padding=&#8220;|||&#8220; global_colors_info=&#8220;{}&#8220; custom_padding__hover=&#8220;|||&#8220;][et_pb_text _builder_version=&#8220;4.16&#8243; custom_margin=&#8220;||0px|&#8220; global_colors_info=&#8220;{}&#8220;]<\/p>\n<h2>ACHIEVEMENTS<\/h2>\n<p>[\/et_pb_text][et_pb_text _builder_version=&#8220;4.27.4&#8243; hover_enabled=&#8220;0&#8243; global_colors_info=&#8220;{}&#8220; sticky_enabled=&#8220;0&#8243;]<\/p>\n<p>ART DIRECTORS CLUB EUROPA 2009<br \/>Nomination f\u00fcr die Produktion 555 KUBIK<\/p>\n<p>ART DIRECTORS CLUB DEUTSCHLAND 2009<br \/>Silber f\u00fcr die Produktion 555 KUBIK<\/p>\n<p>CANNES DESIGN L\u00d6WE 2010<br \/>Silber f\u00fcr die Produktion 555 KUBIK<\/p>\n<p>DEUTSCHER LICHTDESIGN-PREIS 2011<br \/>f\u00fcr die Produktion KREISROT<\/p>\n<p>LICHTSICHT BIENNIALE-PREIS 2011<br \/>f\u00fcr die Produktion COHERENT STATES<\/p>\n<p>GERMAN DESIGN AWARD 2012<br \/>Nomination f\u00fcr die Produktion 555 KUBIK<\/p>\n<p>IMAPP BUCHAREST 2015<br \/>Jury Preis f\u00fcr die Produktion<br \/>POINTLINE SURFACE SOLID<\/p>\n<p>DEUTSCHER LICHTDESIGN-PREIS 2015<br \/>f\u00fcr die Produktion 320\u00b0LICHT<\/p>\n<p>MAB AWARD 2016<br \/>f\u00fcr die Produktion KLUBHAUS ST. PAULI<\/p>\n<p>DEUTSCHER LICHTDESIGN-PREIS 2017<br \/>f\u00fcr die Produktion KLUBHAUS ST. PAULI<\/p>\n<p>GOLDENER PREIS VON MONTREUX 2018<br \/>Goldmedaille f\u00fcr die Produktion<br \/>NIGHT OF THE CHALLENGER<\/p>\n<p>ART DIRECTORS CLUB DEUTSCHLAND 2018<br \/>Bronze f\u00fcr die Produktion NIGHT OF THE CHALLENGER<br \/>Silber f\u00fcr die Produktion DIGITAL DERBY<\/p>\n<p>DDC \u2013 DEUTSCHER DESIGNER CLUB AWARD 2019<br \/>Bronze f\u00fcr die Produktion<br \/>FINSTERWALD<\/p>\n<p>BRAND EX AWARD 2019<br \/>Silber f\u00fcr die Produktion<br \/>NIGHT OF THE CHALLENGER<\/p>\n<p>DIETER BAACKE PREIS 2019<br \/>Projekte von und mit Jugendlichen \u2013 Kategorie B<br \/>f\u00fcr die Produktion<br \/>#ROOTSNVISIONS \/ WURZELN UND VISIONEN<\/p>\n<p>ART DIRECTORS CLUB DEUTSCHLAND 2020<br \/>Gold f\u00fcr die Produktion FINSTERWALD<\/p>\n<p>ART DIRECTORS CLUB DEUTSCHLAND 2022<br \/>Bronze f\u00fcr die Produktion #everynamecounts<\/p>\n<p>VIDEO MAPPING FESTIVAL LILLE 2024<br \/>Rencontres Audiovisuelles<br \/>Grand Prize f\u00fcr MehlWelten<\/p>\n<p>EUROPEAN DESIGN AWARD 2024<br \/>Category Digital Installations<br \/>Gold for MehlWelten<\/p>\n<p>[\/et_pb_text][\/et_pb_column][\/et_pb_row][\/et_pb_section][et_pb_section fb_built=&#8220;1&#8243; disabled_on=&#8220;off|off|off&#8220; module_id=&#8220;press-debate&#8220; _builder_version=&#8220;4.16&#8243; custom_padding=&#8220;40px|0px|0|0px|false|false&#8220; global_colors_info=&#8220;{}&#8220;][\/et_pb_section]<\/p>\n","protected":false},"excerpt":{"rendered":"<p>About URBANSCREEN ist ein Produktionsstudio f\u00fcr interdisziplin\u00e4re Medienkunst aus Bremen. Als Kreativunternehmen blicken wir auf \u00fcber zehn Jahre Erfahrung bei der Umsetzung von komplexen Medienproduktionen im Auftrag von Museen, Festivals, Corporate-Kunden und Agenturen zur\u00fcck. Damit haben wir bereits viele renommierte Preise gewonnen. Unser Team vereint Fachleute aus den Bereichen Medienkunst, 3D-Design, Architektur, Kulturwissenschaft, Sound-Design, Medientechnik [&hellip;]<\/p>\n","protected":false},"author":1,"featured_media":0,"parent":0,"menu_order":0,"comment_status":"closed","ping_status":"closed","template":"template-WhitePage.php","meta":{"_acf_changed":false,"_et_pb_use_builder":"on","_et_pb_old_content":"","_et_gb_content_width":"","footnotes":""},"class_list":["post-5102","page","type-page","status-publish","hentry"],"acf":[],"yoast_head":"<!-- This site is optimized with the Yoast SEO plugin v27.4 - https:\/\/yoast.com\/product\/yoast-seo-wordpress\/ -->\n<title>About | URBANSCREEN<\/title>\n<meta name=\"robots\" content=\"index, follow, max-snippet:-1, max-image-preview:large, max-video-preview:-1\" \/>\n<link rel=\"canonical\" href=\"https:\/\/www.urbanscreen.com\/de\/about\/\" \/>\n<meta property=\"og:locale\" content=\"de_DE\" \/>\n<meta property=\"og:type\" content=\"article\" \/>\n<meta property=\"og:title\" content=\"About | URBANSCREEN\" \/>\n<meta property=\"og:description\" content=\"About URBANSCREEN ist ein Produktionsstudio f\u00fcr interdisziplin\u00e4re Medienkunst aus Bremen. Als Kreativunternehmen blicken wir auf \u00fcber zehn Jahre Erfahrung bei der Umsetzung von komplexen Medienproduktionen im Auftrag von Museen, Festivals, Corporate-Kunden und Agenturen zur\u00fcck. Damit haben wir bereits viele renommierte Preise gewonnen. Unser Team vereint Fachleute aus den Bereichen Medienkunst, 3D-Design, Architektur, Kulturwissenschaft, Sound-Design, Medientechnik [&hellip;]\" \/>\n<meta property=\"og:url\" content=\"https:\/\/www.urbanscreen.com\/de\/about\/\" \/>\n<meta property=\"og:site_name\" content=\"URBANSCREEN\" \/>\n<meta property=\"article:modified_time\" content=\"2025-11-10T11:28:35+00:00\" \/>\n<meta name=\"twitter:label1\" content=\"Gesch\u00e4tzte Lesezeit\" \/>\n\t<meta name=\"twitter:data1\" content=\"3\u00a0Minuten\" \/>\n<script type=\"application\/ld+json\" class=\"yoast-schema-graph\">{\"@context\":\"https:\\\/\\\/schema.org\",\"@graph\":[{\"@type\":\"WebPage\",\"@id\":\"https:\\\/\\\/www.urbanscreen.com\\\/de\\\/about\\\/\",\"url\":\"https:\\\/\\\/www.urbanscreen.com\\\/de\\\/about\\\/\",\"name\":\"About | URBANSCREEN\",\"isPartOf\":{\"@id\":\"https:\\\/\\\/www.urbanscreen.com\\\/de\\\/#website\"},\"datePublished\":\"2018-06-27T14:38:42+00:00\",\"dateModified\":\"2025-11-10T11:28:35+00:00\",\"breadcrumb\":{\"@id\":\"https:\\\/\\\/www.urbanscreen.com\\\/de\\\/about\\\/#breadcrumb\"},\"inLanguage\":\"de\",\"potentialAction\":[{\"@type\":\"ReadAction\",\"target\":[\"https:\\\/\\\/www.urbanscreen.com\\\/de\\\/about\\\/\"]}]},{\"@type\":\"BreadcrumbList\",\"@id\":\"https:\\\/\\\/www.urbanscreen.com\\\/de\\\/about\\\/#breadcrumb\",\"itemListElement\":[{\"@type\":\"ListItem\",\"position\":1,\"name\":\"Home\",\"item\":\"https:\\\/\\\/www.urbanscreen.com\\\/de\\\/\"},{\"@type\":\"ListItem\",\"position\":2,\"name\":\"About\"}]},{\"@type\":\"WebSite\",\"@id\":\"https:\\\/\\\/www.urbanscreen.com\\\/de\\\/#website\",\"url\":\"https:\\\/\\\/www.urbanscreen.com\\\/de\\\/\",\"name\":\"URBANSCREEN\",\"description\":\"Inventing Augmented Experiences\",\"potentialAction\":[{\"@type\":\"SearchAction\",\"target\":{\"@type\":\"EntryPoint\",\"urlTemplate\":\"https:\\\/\\\/www.urbanscreen.com\\\/de\\\/?s={search_term_string}\"},\"query-input\":{\"@type\":\"PropertyValueSpecification\",\"valueRequired\":true,\"valueName\":\"search_term_string\"}}],\"inLanguage\":\"de\"}]}<\/script>\n<!-- \/ Yoast SEO plugin. -->","yoast_head_json":{"title":"About | URBANSCREEN","robots":{"index":"index","follow":"follow","max-snippet":"max-snippet:-1","max-image-preview":"max-image-preview:large","max-video-preview":"max-video-preview:-1"},"canonical":"https:\/\/www.urbanscreen.com\/de\/about\/","og_locale":"de_DE","og_type":"article","og_title":"About | URBANSCREEN","og_description":"About URBANSCREEN ist ein Produktionsstudio f\u00fcr interdisziplin\u00e4re Medienkunst aus Bremen. Als Kreativunternehmen blicken wir auf \u00fcber zehn Jahre Erfahrung bei der Umsetzung von komplexen Medienproduktionen im Auftrag von Museen, Festivals, Corporate-Kunden und Agenturen zur\u00fcck. Damit haben wir bereits viele renommierte Preise gewonnen. Unser Team vereint Fachleute aus den Bereichen Medienkunst, 3D-Design, Architektur, Kulturwissenschaft, Sound-Design, Medientechnik [&hellip;]","og_url":"https:\/\/www.urbanscreen.com\/de\/about\/","og_site_name":"URBANSCREEN","article_modified_time":"2025-11-10T11:28:35+00:00","twitter_misc":{"Gesch\u00e4tzte Lesezeit":"3\u00a0Minuten"},"schema":{"@context":"https:\/\/schema.org","@graph":[{"@type":"WebPage","@id":"https:\/\/www.urbanscreen.com\/de\/about\/","url":"https:\/\/www.urbanscreen.com\/de\/about\/","name":"About | URBANSCREEN","isPartOf":{"@id":"https:\/\/www.urbanscreen.com\/de\/#website"},"datePublished":"2018-06-27T14:38:42+00:00","dateModified":"2025-11-10T11:28:35+00:00","breadcrumb":{"@id":"https:\/\/www.urbanscreen.com\/de\/about\/#breadcrumb"},"inLanguage":"de","potentialAction":[{"@type":"ReadAction","target":["https:\/\/www.urbanscreen.com\/de\/about\/"]}]},{"@type":"BreadcrumbList","@id":"https:\/\/www.urbanscreen.com\/de\/about\/#breadcrumb","itemListElement":[{"@type":"ListItem","position":1,"name":"Home","item":"https:\/\/www.urbanscreen.com\/de\/"},{"@type":"ListItem","position":2,"name":"About"}]},{"@type":"WebSite","@id":"https:\/\/www.urbanscreen.com\/de\/#website","url":"https:\/\/www.urbanscreen.com\/de\/","name":"URBANSCREEN","description":"Inventing Augmented Experiences","potentialAction":[{"@type":"SearchAction","target":{"@type":"EntryPoint","urlTemplate":"https:\/\/www.urbanscreen.com\/de\/?s={search_term_string}"},"query-input":{"@type":"PropertyValueSpecification","valueRequired":true,"valueName":"search_term_string"}}],"inLanguage":"de"}]}},"_links":{"self":[{"href":"https:\/\/www.urbanscreen.com\/de\/wp-json\/wp\/v2\/pages\/5102","targetHints":{"allow":["GET"]}}],"collection":[{"href":"https:\/\/www.urbanscreen.com\/de\/wp-json\/wp\/v2\/pages"}],"about":[{"href":"https:\/\/www.urbanscreen.com\/de\/wp-json\/wp\/v2\/types\/page"}],"author":[{"embeddable":true,"href":"https:\/\/www.urbanscreen.com\/de\/wp-json\/wp\/v2\/users\/1"}],"replies":[{"embeddable":true,"href":"https:\/\/www.urbanscreen.com\/de\/wp-json\/wp\/v2\/comments?post=5102"}],"version-history":[{"count":58,"href":"https:\/\/www.urbanscreen.com\/de\/wp-json\/wp\/v2\/pages\/5102\/revisions"}],"predecessor-version":[{"id":7362,"href":"https:\/\/www.urbanscreen.com\/de\/wp-json\/wp\/v2\/pages\/5102\/revisions\/7362"}],"wp:attachment":[{"href":"https:\/\/www.urbanscreen.com\/de\/wp-json\/wp\/v2\/media?parent=5102"}],"curies":[{"name":"wp","href":"https:\/\/api.w.org\/{rel}","templated":true}]}}