{"id":5224,"date":"2013-07-10T18:00:08","date_gmt":"2013-07-10T16:00:08","guid":{"rendered":"https:\/\/www.urbanscreen.com\/disclaimer\/"},"modified":"2019-07-30T15:07:00","modified_gmt":"2019-07-30T13:07:00","slug":"disclaimer","status":"publish","type":"page","link":"https:\/\/www.urbanscreen.com\/de\/disclaimer\/","title":{"rendered":"Disclaimer"},"content":{"rendered":"<h6>Kontaktdetails<\/h6>\n<p>URBANSCREEN GmbH &amp; Co. KG<br \/>\nAm Deich 86<br \/>\n28199 Bremen<br \/>\nGermany<\/p>\n<p>Tel: +49 (0)421 \/ 460 74 40<br \/>\nFax: +49 (0)421 \/ 460 74 38<\/p>\n<p>Mail: <a href=\"mailto:post@urbanscreen.com\">post@urbanscreen.com<\/a><\/p>\n<p>USt.-ID: DE260152214 | HRA 25111 HB<br \/>\nFirmensitz &#038; Amtsgericht: Bremen \/ Deutschland<br \/>\nGesellschaft mit beschr\u00e4nkter Haftung: URBANSCREEN Beteiligungs GmbH<br \/>\nGesch\u00e4ftsf\u00fchrung: Till Botterweck &#038; Majo Ussat<\/p>\n<p>&nbsp;<\/p>\n<h6>Technische Umsetzung<\/h6>\n<p>Diese Website wurde von <a href=\"http:\/\/www.nextab.de\" title=\"Implemented by nexTab.de - Webdesign made in Berlin\" target=\"_blank\" rel=\"noopener noreferrer\">nexTab.de<\/a> umgesetzt.<\/p>\n<p>&nbsp;<\/p>\n<h6>Haftungshinweis<\/h6>\n<p>Die Inhalte dieser Website sind urheberrechtlich gesch\u00fctzt. Alle Rechte, auch die der \u00dcbersetzung, des Nachdrucks und der Vervielf\u00e4ltigung liegen bei URBANSCREEN. Die Vervielf\u00e4ltigung und Verbreitung der Inhalte der Website ist nur mit schriftlicher Genehmigung gestattet. Hiervon ausgenommen ist die Nutzung unver\u00e4nderter Inhalte f\u00fcr pers\u00f6nliche, journalistische und nicht kommerzielle Zwecke.<\/p>\n<p>Diese Website enth\u00e4lt Links zu externen Websites Dritter, auf die URBANSCREEN keinen Einfluss hat und daher nicht f\u00fcr den Inhalt verantwortlich ist.<\/p>\n<p>&nbsp;<\/p>\n<h6>Markenrechte<\/h6>\n<p>Die LUMENTEKTUR genie\u00dft den Schutz der Markennamen. Das LUMENTEKTUR-Verfahren f\u00fcr die ma\u00dfgeschneiderte Projektion ist patentiert.<\/p>\n<p>&nbsp;<\/p>\n<h6>Benutzungshinweis<\/h6>\n<p>Die URBANSCREEN-Websites sind f\u00fcr eine Darstellung ab einer Bildschirmaufl\u00f6sung von 1024\u00d7768 Pixel und einer Farbtiefe von mindestens 32768 Farben optimiert. Bitte aktivieren Sie JavaScript und Style Sheets.<br \/>\nF\u00fcr eine optimale Qualit\u00e4t der Flash-Plugins ben\u00f6tigen Sie den aktuellen Flash-Player.<\/p>\n<p>Diese Website benutzt Google Analytics, einen Webanalysedienst der Google Inc. Google Analytics verwendet so genannte \u201eCookies&#8220;, die auf Ihrem Computer gespeichert werden und die eine Analyse der Benutzung der Website durch Sie erm\u00f6glichen. Die durch den Cookie erzeugten Informationen \u00fcber Ihre Benutzung dieser Website (einschlie\u00dflich Ihrer IP-Adresse) werden an einen Server von Google in den USA \u00fcbertragen und dort gespeichert. Google wird diese Informationen benutzen, um Ihre Nutzung der Website auszuwerten, um Reports \u00fcber die Websiteaktivit\u00e4ten f\u00fcr die Websitebetreiber zusammenzustellen und um weitere mit der Websitenutzung und der Internetnutzung verbundene Dienstleistungen zu erbringen. Auch wird Google diese Informationen gegebenenfalls an Dritte \u00fcbertragen, sofern dies gesetzlich vorgeschrieben ist oder soweit Dritte diese Daten im Auftrag von Google verarbeiten. Google wird Ihre IP-Adresse nicht mit anderen Daten von Google in Verbindung bringen. Sie k\u00f6nnen die Installation der Cookies durch eine entsprechende Einstellung Ihrer Browser-Software verhindern; wir weisen Sie jedoch darauf hin, dass Sie in diesem Fall gegebenenfalls nicht s\u00e4mtliche Funktionen dieser Website vollumf\u00e4nglich nutzen k\u00f6nnen. Durch die Nutzung dieser Website erkl\u00e4ren Sie sich mit der Bearbeitung der \u00fcber Sie erhobenen Daten durch Google in der zuvor beschriebenen Art und Weise und zu dem zuvor benannten Zweck einverstanden. Falls Sie nicht einverstanden sind, nutzen Sie diesen Link, um ein Google-Plugin zu installieren, das Google Analytics (http:\/\/tools.google.com\/dlpage\/gaoptout?hl=de) deaktiviert.<\/p>\n","protected":false},"excerpt":{"rendered":"<p>Kontaktdetails URBANSCREEN GmbH &amp; Co. KG Am Deich 86 28199 Bremen Germany Tel: +49 (0)421 \/ 460 74 40 Fax: +49 (0)421 \/ 460 74 38 Mail: post@urbanscreen.com USt.-ID: DE260152214 | HRA 25111 HB Firmensitz &#038; Amtsgericht: Bremen \/ Deutschland Gesellschaft mit beschr\u00e4nkter Haftung: URBANSCREEN Beteiligungs GmbH Gesch\u00e4ftsf\u00fchrung: Till Botterweck &#038; Majo Ussat &nbsp; Technische [&hellip;]<\/p>\n","protected":false},"author":1,"featured_media":0,"parent":0,"menu_order":0,"comment_status":"open","ping_status":"open","template":"template-WhitePage.php","meta":{"_acf_changed":false,"_et_pb_use_builder":"","_et_pb_old_content":"","_et_gb_content_width":"","footnotes":""},"class_list":["post-5224","page","type-page","status-publish","hentry"],"acf":[],"yoast_head":"<!-- This site is optimized with the Yoast SEO plugin v27.5 - https:\/\/yoast.com\/product\/yoast-seo-wordpress\/ -->\n<title>Disclaimer &amp; Contact<\/title>\n<meta name=\"description\" content=\"Hier finden Sie alle relevanten Informationen \u00fcber URBANSCREEN - unsere Leidenschaft ist es, ausgefeiltes Videomapping und 3D-Projektionen auf Objekte bzw. Skulpturen durchzuf\u00fchren.\" \/>\n<meta name=\"robots\" content=\"index, follow, max-snippet:-1, max-image-preview:large, max-video-preview:-1\" \/>\n<link rel=\"canonical\" href=\"https:\/\/www.urbanscreen.com\/de\/disclaimer\/\" \/>\n<meta property=\"og:locale\" content=\"de_DE\" \/>\n<meta property=\"og:type\" content=\"article\" \/>\n<meta property=\"og:title\" content=\"Disclaimer &amp; Contact\" \/>\n<meta property=\"og:description\" content=\"Hier finden Sie alle relevanten Informationen \u00fcber URBANSCREEN - unsere Leidenschaft ist es, ausgefeiltes Videomapping und 3D-Projektionen auf Objekte bzw. Skulpturen durchzuf\u00fchren.\" \/>\n<meta property=\"og:url\" content=\"https:\/\/www.urbanscreen.com\/de\/disclaimer\/\" \/>\n<meta property=\"og:site_name\" content=\"URBANSCREEN\" \/>\n<meta property=\"article:modified_time\" content=\"2019-07-30T13:07:00+00:00\" \/>\n<meta name=\"twitter:label1\" content=\"Gesch\u00e4tzte Lesezeit\" \/>\n\t<meta name=\"twitter:data1\" content=\"2\u00a0Minuten\" \/>\n<script type=\"application\/ld+json\" class=\"yoast-schema-graph\">{\"@context\":\"https:\\\/\\\/schema.org\",\"@graph\":[{\"@type\":\"WebPage\",\"@id\":\"https:\\\/\\\/www.urbanscreen.com\\\/de\\\/disclaimer\\\/\",\"url\":\"https:\\\/\\\/www.urbanscreen.com\\\/de\\\/disclaimer\\\/\",\"name\":\"Disclaimer & Contact\",\"isPartOf\":{\"@id\":\"https:\\\/\\\/www.urbanscreen.com\\\/de\\\/#website\"},\"datePublished\":\"2013-07-10T16:00:08+00:00\",\"dateModified\":\"2019-07-30T13:07:00+00:00\",\"description\":\"Hier finden Sie alle relevanten Informationen \u00fcber URBANSCREEN - unsere Leidenschaft ist es, ausgefeiltes Videomapping und 3D-Projektionen auf Objekte bzw. Skulpturen durchzuf\u00fchren.\",\"breadcrumb\":{\"@id\":\"https:\\\/\\\/www.urbanscreen.com\\\/de\\\/disclaimer\\\/#breadcrumb\"},\"inLanguage\":\"de\",\"potentialAction\":[{\"@type\":\"ReadAction\",\"target\":[\"https:\\\/\\\/www.urbanscreen.com\\\/de\\\/disclaimer\\\/\"]}]},{\"@type\":\"BreadcrumbList\",\"@id\":\"https:\\\/\\\/www.urbanscreen.com\\\/de\\\/disclaimer\\\/#breadcrumb\",\"itemListElement\":[{\"@type\":\"ListItem\",\"position\":1,\"name\":\"Home\",\"item\":\"https:\\\/\\\/www.urbanscreen.com\\\/de\\\/\"},{\"@type\":\"ListItem\",\"position\":2,\"name\":\"Disclaimer\"}]},{\"@type\":\"WebSite\",\"@id\":\"https:\\\/\\\/www.urbanscreen.com\\\/de\\\/#website\",\"url\":\"https:\\\/\\\/www.urbanscreen.com\\\/de\\\/\",\"name\":\"URBANSCREEN\",\"description\":\"Inventing Augmented Experiences\",\"potentialAction\":[{\"@type\":\"SearchAction\",\"target\":{\"@type\":\"EntryPoint\",\"urlTemplate\":\"https:\\\/\\\/www.urbanscreen.com\\\/de\\\/?s={search_term_string}\"},\"query-input\":{\"@type\":\"PropertyValueSpecification\",\"valueRequired\":true,\"valueName\":\"search_term_string\"}}],\"inLanguage\":\"de\"}]}<\/script>\n<!-- \/ Yoast SEO plugin. -->","yoast_head_json":{"title":"Disclaimer & Contact","description":"Hier finden Sie alle relevanten Informationen \u00fcber URBANSCREEN - unsere Leidenschaft ist es, ausgefeiltes Videomapping und 3D-Projektionen auf Objekte bzw. Skulpturen durchzuf\u00fchren.","robots":{"index":"index","follow":"follow","max-snippet":"max-snippet:-1","max-image-preview":"max-image-preview:large","max-video-preview":"max-video-preview:-1"},"canonical":"https:\/\/www.urbanscreen.com\/de\/disclaimer\/","og_locale":"de_DE","og_type":"article","og_title":"Disclaimer & Contact","og_description":"Hier finden Sie alle relevanten Informationen \u00fcber URBANSCREEN - unsere Leidenschaft ist es, ausgefeiltes Videomapping und 3D-Projektionen auf Objekte bzw. Skulpturen durchzuf\u00fchren.","og_url":"https:\/\/www.urbanscreen.com\/de\/disclaimer\/","og_site_name":"URBANSCREEN","article_modified_time":"2019-07-30T13:07:00+00:00","twitter_misc":{"Gesch\u00e4tzte Lesezeit":"2\u00a0Minuten"},"schema":{"@context":"https:\/\/schema.org","@graph":[{"@type":"WebPage","@id":"https:\/\/www.urbanscreen.com\/de\/disclaimer\/","url":"https:\/\/www.urbanscreen.com\/de\/disclaimer\/","name":"Disclaimer & Contact","isPartOf":{"@id":"https:\/\/www.urbanscreen.com\/de\/#website"},"datePublished":"2013-07-10T16:00:08+00:00","dateModified":"2019-07-30T13:07:00+00:00","description":"Hier finden Sie alle relevanten Informationen \u00fcber URBANSCREEN - unsere Leidenschaft ist es, ausgefeiltes Videomapping und 3D-Projektionen auf Objekte bzw. Skulpturen durchzuf\u00fchren.","breadcrumb":{"@id":"https:\/\/www.urbanscreen.com\/de\/disclaimer\/#breadcrumb"},"inLanguage":"de","potentialAction":[{"@type":"ReadAction","target":["https:\/\/www.urbanscreen.com\/de\/disclaimer\/"]}]},{"@type":"BreadcrumbList","@id":"https:\/\/www.urbanscreen.com\/de\/disclaimer\/#breadcrumb","itemListElement":[{"@type":"ListItem","position":1,"name":"Home","item":"https:\/\/www.urbanscreen.com\/de\/"},{"@type":"ListItem","position":2,"name":"Disclaimer"}]},{"@type":"WebSite","@id":"https:\/\/www.urbanscreen.com\/de\/#website","url":"https:\/\/www.urbanscreen.com\/de\/","name":"URBANSCREEN","description":"Inventing Augmented Experiences","potentialAction":[{"@type":"SearchAction","target":{"@type":"EntryPoint","urlTemplate":"https:\/\/www.urbanscreen.com\/de\/?s={search_term_string}"},"query-input":{"@type":"PropertyValueSpecification","valueRequired":true,"valueName":"search_term_string"}}],"inLanguage":"de"}]}},"_links":{"self":[{"href":"https:\/\/www.urbanscreen.com\/de\/wp-json\/wp\/v2\/pages\/5224","targetHints":{"allow":["GET"]}}],"collection":[{"href":"https:\/\/www.urbanscreen.com\/de\/wp-json\/wp\/v2\/pages"}],"about":[{"href":"https:\/\/www.urbanscreen.com\/de\/wp-json\/wp\/v2\/types\/page"}],"author":[{"embeddable":true,"href":"https:\/\/www.urbanscreen.com\/de\/wp-json\/wp\/v2\/users\/1"}],"replies":[{"embeddable":true,"href":"https:\/\/www.urbanscreen.com\/de\/wp-json\/wp\/v2\/comments?post=5224"}],"version-history":[{"count":5,"href":"https:\/\/www.urbanscreen.com\/de\/wp-json\/wp\/v2\/pages\/5224\/revisions"}],"predecessor-version":[{"id":5490,"href":"https:\/\/www.urbanscreen.com\/de\/wp-json\/wp\/v2\/pages\/5224\/revisions\/5490"}],"wp:attachment":[{"href":"https:\/\/www.urbanscreen.com\/de\/wp-json\/wp\/v2\/media?parent=5224"}],"curies":[{"name":"wp","href":"https:\/\/api.w.org\/{rel}","templated":true}]}}